{"id":4389,"date":"2022-07-05T09:58:18","date_gmt":"2022-07-05T08:58:18","guid":{"rendered":"https:\/\/www2.aece-group.com\/product\/winch-operator-console\/"},"modified":"2022-07-05T09:58:23","modified_gmt":"2022-07-05T08:58:23","slug":"winch-operator-console","status":"publish","type":"product","link":"https:\/\/www.aece-group.com\/en\/product\/winch-operator-console\/","title":{"rendered":"WINCH OPERATOR CONSOLE"},"content":{"rendered":"<p>The WOC :                                                                                                                                                                      \u0095 They are the command and control organs of the deployment and recovery of the launching system:  TAHS and TBHS winches.                                                                                                                  &nbsp;&nbsp;&nbsp;&nbsp;\u2022 normal mode: mode assisted by a PLC,                                                                                                        &nbsp;&nbsp;&nbsp;&nbsp;\u2022 maintenance mode: electrical emergency mode, movements are commanded and controlled without the intervention of a PLC.<\/p>\n<p>At AE, we provide production as well as maintenance and repair of electronic enclosures (WOC). We offer tailor-made solutions to specifications.<\/p>\n<p>\u0095 security function                                                                                                                                                   &nbsp;&nbsp;&nbsp;&nbsp;\u2022 emergency stop (button),                                                                                                                                                               &nbsp;&nbsp;&nbsp;&nbsp;\u2022 water detector,                                                                                                                                                          \u0095 selection of operating modes,                                                                                                                                  &nbsp;&nbsp;&nbsp;&nbsp;\u2022 normal mode or hardware safe software mode by the &#8220;Safety&#8221; sensors,                                                       &nbsp;&nbsp;&nbsp;&nbsp;\u2022 maintenance mode or electrical backup (not processed by PLC)                                                                         \u0095 fonction de contr\u00f4le des mouvements du treuil TAHS ou TBHS                                                                    &nbsp;&nbsp;&nbsp;&nbsp;\u2022 pump on\/off,                                                                                                                                                                &nbsp;&nbsp;&nbsp;&nbsp;\u2022 movement selection,                                                                                                                                               &nbsp;&nbsp;&nbsp;&nbsp;\u2022 combiner &#8230;                                                                                                                                                           \u0095 visual inspection of conditions and defects                                                                                                         &nbsp;&nbsp;&nbsp;&nbsp;\u2022 visual control                                                                                                                                                                  &nbsp;&nbsp;&nbsp;&nbsp;\u2022 sound control<\/p>\n<p>\u0095 Quality                                                                                                                                                                                          &nbsp;&nbsp;&nbsp;&nbsp;\u2022 AQAP 2110 certification for the development, construction and manufacture of military systems                        \u0095 Control                                                                                                                                                                                       &nbsp;&nbsp;&nbsp;&nbsp;\u2022 visual or dimensional inspection of the constituents,                                                                                                         &nbsp;&nbsp;&nbsp;&nbsp;\u2022 control of operational features,                                                                                                                                           &nbsp;&nbsp;&nbsp;&nbsp;\u2022 test of measurable functional features,                                                                                                                               \u0095 Protection and resistance                                                                                                                                                      &nbsp;&nbsp;&nbsp;&nbsp;\u2022 IP X6 waterproofing level (sea water package),                                                                                                                  &nbsp;&nbsp;&nbsp;&nbsp;\u2022 compliance with ElectroMagnetic Compatibility (EMC) requirements in military environments,                             &nbsp;&nbsp;&nbsp;&nbsp;\u2022 resistance to temperature variations,                                                                                                                                  &nbsp;&nbsp;&nbsp;&nbsp;\u2022 resistance to altitude,                                                                                                                                                              &nbsp;&nbsp;&nbsp;&nbsp;\u2022 operational shock protection,                                                                                                                                                &nbsp;&nbsp;&nbsp;&nbsp;\u2022 vibration protection                                                                                                                                                                 \u0095 Reliability objectives                                                                                                                                                                  &nbsp;&nbsp;&nbsp;&nbsp;\u2022 MTBF of 25,000 hours<\/p>\n","protected":false},"excerpt":{"rendered":"<p>The WOC enables the command and control of operations of a handling system for anti-submarine warfare sonar installed on a surface building.<\/p>\n","protected":false},"featured_media":1722,"comment_status":"closed","ping_status":"closed","template":"","meta":{"_acf_changed":false},"product_brand":[],"product_cat":[74],"product_tag":[],"class_list":{"0":"post-4389","1":"product","2":"type-product","3":"status-publish","4":"has-post-thumbnail","6":"product_cat-electronic-boxes-and-cards","8":"first","9":"outofstock","10":"product-type-simple"},"acf":[],"yoast_head":"<!-- This site is optimized with the Yoast SEO plugin v27.0 - https:\/\/yoast.com\/product\/yoast-seo-wordpress\/ -->\n<title>WINCH OPERATOR CONSOLE | AECE Group<\/title>\n<meta name=\"description\" content=\"WINCH OPERATOR CONSOLE - AECE Group : expert dans la conception et r\u00e9alisation de syst\u00e8mes \u00e9lectroniques de pointe dans le secteur industriel.\" \/>\n<meta name=\"robots\" content=\"index, follow, max-snippet:-1, max-image-preview:large, max-video-preview:-1\" \/>\n<link rel=\"canonical\" href=\"https:\/\/www.aece-group.com\/en\/product\/winch-operator-console\/\" \/>\n<meta property=\"og:locale\" content=\"en_US\" \/>\n<meta property=\"og:type\" content=\"article\" \/>\n<meta property=\"og:title\" content=\"WINCH OPERATOR CONSOLE | AECE Group\" \/>\n<meta property=\"og:description\" content=\"WINCH OPERATOR CONSOLE - AECE Group : expert dans la conception et r\u00e9alisation de syst\u00e8mes \u00e9lectroniques de pointe dans le secteur industriel.\" \/>\n<meta property=\"og:url\" content=\"https:\/\/www.aece-group.com\/en\/product\/winch-operator-console\/\" \/>\n<meta property=\"og:site_name\" content=\"AECE\" \/>\n<meta property=\"article:modified_time\" content=\"2022-07-05T08:58:23+00:00\" \/>\n<meta property=\"og:image\" content=\"https:\/\/www.aece-group.com\/wp-content\/uploads\/2021\/05\/woc.png\" \/>\n\t<meta property=\"og:image:width\" content=\"727\" \/>\n\t<meta property=\"og:image:height\" content=\"515\" \/>\n\t<meta property=\"og:image:type\" content=\"image\/png\" \/>\n<meta name=\"twitter:card\" content=\"summary_large_image\" \/>\n<meta name=\"twitter:label1\" content=\"Est. reading time\" \/>\n\t<meta name=\"twitter:data1\" content=\"1 minute\" \/>\n<script type=\"application\/ld+json\" class=\"yoast-schema-graph\">{\"@context\":\"https:\/\/schema.org\",\"@graph\":[{\"@type\":\"WebPage\",\"@id\":\"https:\/\/www.aece-group.com\/en\/product\/winch-operator-console\/\",\"url\":\"https:\/\/www.aece-group.com\/en\/product\/winch-operator-console\/\",\"name\":\"WINCH OPERATOR CONSOLE | AECE Group\",\"isPartOf\":{\"@id\":\"https:\/\/www.aece-group.com\/en\/#website\"},\"primaryImageOfPage\":{\"@id\":\"https:\/\/www.aece-group.com\/en\/product\/winch-operator-console\/#primaryimage\"},\"image\":{\"@id\":\"https:\/\/www.aece-group.com\/en\/product\/winch-operator-console\/#primaryimage\"},\"thumbnailUrl\":\"https:\/\/www.aece-group.com\/wp-content\/uploads\/2021\/05\/woc.png\",\"datePublished\":\"2022-07-05T08:58:18+00:00\",\"dateModified\":\"2022-07-05T08:58:23+00:00\",\"description\":\"WINCH OPERATOR CONSOLE - AECE Group : expert dans la conception et r\u00e9alisation de syst\u00e8mes \u00e9lectroniques de pointe dans le secteur industriel.\",\"breadcrumb\":{\"@id\":\"https:\/\/www.aece-group.com\/en\/product\/winch-operator-console\/#breadcrumb\"},\"inLanguage\":\"en-US\",\"potentialAction\":[{\"@type\":\"ReadAction\",\"target\":[\"https:\/\/www.aece-group.com\/en\/product\/winch-operator-console\/\"]}]},{\"@type\":\"ImageObject\",\"inLanguage\":\"en-US\",\"@id\":\"https:\/\/www.aece-group.com\/en\/product\/winch-operator-console\/#primaryimage\",\"url\":\"https:\/\/www.aece-group.com\/wp-content\/uploads\/2021\/05\/woc.png\",\"contentUrl\":\"https:\/\/www.aece-group.com\/wp-content\/uploads\/2021\/05\/woc.png\",\"width\":727,\"height\":515,\"caption\":\"WOC\"},{\"@type\":\"BreadcrumbList\",\"@id\":\"https:\/\/www.aece-group.com\/en\/product\/winch-operator-console\/#breadcrumb\",\"itemListElement\":[{\"@type\":\"ListItem\",\"position\":1,\"name\":\"Accueil\",\"item\":\"https:\/\/www.aece-group.com\/en\/\"},{\"@type\":\"ListItem\",\"position\":2,\"name\":\"Products\",\"item\":\"https:\/\/www.aece-group.com\/en\/shop\/\"},{\"@type\":\"ListItem\",\"position\":3,\"name\":\"WINCH OPERATOR CONSOLE\"}]},{\"@type\":\"WebSite\",\"@id\":\"https:\/\/www.aece-group.com\/en\/#website\",\"url\":\"https:\/\/www.aece-group.com\/en\/\",\"name\":\"AECE\",\"description\":\"Living and advanced technology \/ Aquitaine Electronique, AE, AEGIS, DT2E, SOFAST\",\"publisher\":{\"@id\":\"https:\/\/www.aece-group.com\/en\/#organization\"},\"potentialAction\":[{\"@type\":\"SearchAction\",\"target\":{\"@type\":\"EntryPoint\",\"urlTemplate\":\"https:\/\/www.aece-group.com\/en\/?s={search_term_string}\"},\"query-input\":{\"@type\":\"PropertyValueSpecification\",\"valueRequired\":true,\"valueName\":\"search_term_string\"}}],\"inLanguage\":\"en-US\"},{\"@type\":\"Organization\",\"@id\":\"https:\/\/www.aece-group.com\/en\/#organization\",\"name\":\"AECE Group\",\"url\":\"https:\/\/www.aece-group.com\/en\/\",\"logo\":{\"@type\":\"ImageObject\",\"inLanguage\":\"en-US\",\"@id\":\"https:\/\/www.aece-group.com\/en\/#\/schema\/logo\/image\/\",\"url\":\"https:\/\/www.aece-group.com\/wp-content\/uploads\/2021\/05\/logo-aece.png\",\"contentUrl\":\"https:\/\/www.aece-group.com\/wp-content\/uploads\/2021\/05\/logo-aece.png\",\"width\":695,\"height\":262,\"caption\":\"AECE Group\"},\"image\":{\"@id\":\"https:\/\/www.aece-group.com\/en\/#\/schema\/logo\/image\/\"},\"sameAs\":[\"http:\/\/www.linkedin.com\/company\/aquitaineelectronique\",\"https:\/\/www.youtube.com\/channel\/UCvvrHYBor8m41hIHCkqcJPA\"]}]}<\/script>\n<!-- \/ Yoast SEO plugin. -->","yoast_head_json":{"title":"WINCH OPERATOR CONSOLE | AECE Group","description":"WINCH OPERATOR CONSOLE - AECE Group : expert dans la conception et r\u00e9alisation de syst\u00e8mes \u00e9lectroniques de pointe dans le secteur industriel.","robots":{"index":"index","follow":"follow","max-snippet":"max-snippet:-1","max-image-preview":"max-image-preview:large","max-video-preview":"max-video-preview:-1"},"canonical":"https:\/\/www.aece-group.com\/en\/product\/winch-operator-console\/","og_locale":"en_US","og_type":"article","og_title":"WINCH OPERATOR CONSOLE | AECE Group","og_description":"WINCH OPERATOR CONSOLE - AECE Group : expert dans la conception et r\u00e9alisation de syst\u00e8mes \u00e9lectroniques de pointe dans le secteur industriel.","og_url":"https:\/\/www.aece-group.com\/en\/product\/winch-operator-console\/","og_site_name":"AECE","article_modified_time":"2022-07-05T08:58:23+00:00","og_image":[{"width":727,"height":515,"url":"https:\/\/www.aece-group.com\/wp-content\/uploads\/2021\/05\/woc.png","type":"image\/png"}],"twitter_card":"summary_large_image","twitter_misc":{"Est. reading time":"1 minute"},"schema":{"@context":"https:\/\/schema.org","@graph":[{"@type":"WebPage","@id":"https:\/\/www.aece-group.com\/en\/product\/winch-operator-console\/","url":"https:\/\/www.aece-group.com\/en\/product\/winch-operator-console\/","name":"WINCH OPERATOR CONSOLE | AECE Group","isPartOf":{"@id":"https:\/\/www.aece-group.com\/en\/#website"},"primaryImageOfPage":{"@id":"https:\/\/www.aece-group.com\/en\/product\/winch-operator-console\/#primaryimage"},"image":{"@id":"https:\/\/www.aece-group.com\/en\/product\/winch-operator-console\/#primaryimage"},"thumbnailUrl":"https:\/\/www.aece-group.com\/wp-content\/uploads\/2021\/05\/woc.png","datePublished":"2022-07-05T08:58:18+00:00","dateModified":"2022-07-05T08:58:23+00:00","description":"WINCH OPERATOR CONSOLE - AECE Group : expert dans la conception et r\u00e9alisation de syst\u00e8mes \u00e9lectroniques de pointe dans le secteur industriel.","breadcrumb":{"@id":"https:\/\/www.aece-group.com\/en\/product\/winch-operator-console\/#breadcrumb"},"inLanguage":"en-US","potentialAction":[{"@type":"ReadAction","target":["https:\/\/www.aece-group.com\/en\/product\/winch-operator-console\/"]}]},{"@type":"ImageObject","inLanguage":"en-US","@id":"https:\/\/www.aece-group.com\/en\/product\/winch-operator-console\/#primaryimage","url":"https:\/\/www.aece-group.com\/wp-content\/uploads\/2021\/05\/woc.png","contentUrl":"https:\/\/www.aece-group.com\/wp-content\/uploads\/2021\/05\/woc.png","width":727,"height":515,"caption":"WOC"},{"@type":"BreadcrumbList","@id":"https:\/\/www.aece-group.com\/en\/product\/winch-operator-console\/#breadcrumb","itemListElement":[{"@type":"ListItem","position":1,"name":"Accueil","item":"https:\/\/www.aece-group.com\/en\/"},{"@type":"ListItem","position":2,"name":"Products","item":"https:\/\/www.aece-group.com\/en\/shop\/"},{"@type":"ListItem","position":3,"name":"WINCH OPERATOR CONSOLE"}]},{"@type":"WebSite","@id":"https:\/\/www.aece-group.com\/en\/#website","url":"https:\/\/www.aece-group.com\/en\/","name":"AECE","description":"Living and advanced technology \/ Aquitaine Electronique, AE, AEGIS, DT2E, SOFAST","publisher":{"@id":"https:\/\/www.aece-group.com\/en\/#organization"},"potentialAction":[{"@type":"SearchAction","target":{"@type":"EntryPoint","urlTemplate":"https:\/\/www.aece-group.com\/en\/?s={search_term_string}"},"query-input":{"@type":"PropertyValueSpecification","valueRequired":true,"valueName":"search_term_string"}}],"inLanguage":"en-US"},{"@type":"Organization","@id":"https:\/\/www.aece-group.com\/en\/#organization","name":"AECE Group","url":"https:\/\/www.aece-group.com\/en\/","logo":{"@type":"ImageObject","inLanguage":"en-US","@id":"https:\/\/www.aece-group.com\/en\/#\/schema\/logo\/image\/","url":"https:\/\/www.aece-group.com\/wp-content\/uploads\/2021\/05\/logo-aece.png","contentUrl":"https:\/\/www.aece-group.com\/wp-content\/uploads\/2021\/05\/logo-aece.png","width":695,"height":262,"caption":"AECE Group"},"image":{"@id":"https:\/\/www.aece-group.com\/en\/#\/schema\/logo\/image\/"},"sameAs":["http:\/\/www.linkedin.com\/company\/aquitaineelectronique","https:\/\/www.youtube.com\/channel\/UCvvrHYBor8m41hIHCkqcJPA"]}]}},"_links":{"self":[{"href":"https:\/\/www.aece-group.com\/en\/wp-json\/wp\/v2\/product\/4389","targetHints":{"allow":["GET"]}}],"collection":[{"href":"https:\/\/www.aece-group.com\/en\/wp-json\/wp\/v2\/product"}],"about":[{"href":"https:\/\/www.aece-group.com\/en\/wp-json\/wp\/v2\/types\/product"}],"replies":[{"embeddable":true,"href":"https:\/\/www.aece-group.com\/en\/wp-json\/wp\/v2\/comments?post=4389"}],"wp:featuredmedia":[{"embeddable":true,"href":"https:\/\/www.aece-group.com\/en\/wp-json\/wp\/v2\/media\/1722"}],"wp:attachment":[{"href":"https:\/\/www.aece-group.com\/en\/wp-json\/wp\/v2\/media?parent=4389"}],"wp:term":[{"taxonomy":"product_brand","embeddable":true,"href":"https:\/\/www.aece-group.com\/en\/wp-json\/wp\/v2\/product_brand?post=4389"},{"taxonomy":"product_cat","embeddable":true,"href":"https:\/\/www.aece-group.com\/en\/wp-json\/wp\/v2\/product_cat?post=4389"},{"taxonomy":"product_tag","embeddable":true,"href":"https:\/\/www.aece-group.com\/en\/wp-json\/wp\/v2\/product_tag?post=4389"}],"curies":[{"name":"wp","href":"https:\/\/api.w.org\/{rel}","templated":true}]}}